{"id":3,"date":"2022-03-30T09:27:15","date_gmt":"2022-03-30T09:27:15","guid":{"rendered":"https:\/\/escarre.com\/?page_id=3"},"modified":"2025-07-23T08:59:29","modified_gmt":"2025-07-23T08:59:29","slug":"politica-privacidad","status":"publish","type":"page","link":"https:\/\/escarre.com\/es\/politica-privacidad\/","title":{"rendered":"Pol\u00edtica de privacidad \/ Redes sociales"},"content":{"rendered":"\n<p><strong>Datos del propietario de la web:<\/strong><\/p>\n\n\n\n<figure class=\"wp-block-table\"><table class=\"has-fixed-layout\"><tbody><tr><td>RAZ\u00d3N SOCIAL<\/td><td>ESCARRE AUTOMATIZACION Y SERVICIOS SL<\/td><\/tr><tr><td>NIF<\/td><td>B59909325 <\/td><\/tr><tr><td>DIRECCI\u00d3N POSTAL<\/td><td>COSTA RICA 21-23 08027, BARCELONA<\/td><\/tr><tr><td>DIRECCI\u00d3N ELECTR\u00d3NICA<\/td><td>eas@escarre.com<\/td><\/tr><tr><td>TEL\u00c9FONOS<\/td><td>934083809<\/td><\/tr><tr><td>REGISTRO MERCANTIL<\/td><td>tomo 21543, folio 178, hoja B23.954 <\/td><\/tr><tr><td>OBJETO PRINCIPAL<\/td><td>desarrollo e implementaci\u00f3n de tecnolog\u00eda<\/td><\/tr><\/tbody><\/table><\/figure>\n\n\n\n<p><br><strong>Protecci\u00f3n de datos<br><\/strong>De conformidad con la normativa vigente y aplicable en protecci\u00f3n de datos de car\u00e1cter personal, le informamos que sus datos ser\u00e1n incorporados al sistema de tratamiento titularidad de ESCARRE AUTOMATIZACION Y SERVICIOS SL con NIF B59909325 y domicilio social sito en COSTA RICA 21-23 08027, BARCELONA, y que a continuaci\u00f3n se relacionan sus respectivas finalidades, plazos de conservaci\u00f3n y bases legitimadoras. Para aquellos tratamientos que lo requieran, se informa tambi\u00e9n de la posible elaboraci\u00f3n de perfiles y decisiones automatizadas, as\u00ed como las posibles cesiones y las transferencias internacionales que ESCARRE AUTOMATIZACION Y SERVICIOS SL tiene previsto realizar:<\/p>\n\n\n\n<p>TRATAMIENTOS REALIZADOS: <\/p>\n\n\n\n<figure class=\"wp-block-table\"><table class=\"has-fixed-layout\"><tbody><tr><td>Gesti\u00f3n de la p\u00e1gina web<\/td><td>Finalidad: Tratamiento y gesti\u00f3n de los datos necesarios para la funcionalidad de la p\u00e1gina web<br>Plazo de conservaci\u00f3n: mientras perdure el consentimiento prestado<br>Base leg\u00edtima: El consentimiento del interesado<br>Tipolog\u00eda de Datos: Datos meramente identificativos<br>Cesiones: No se prev\u00e9n<br>Transferencias internacionales: No se prev\u00e9n<\/td><\/tr><tr><td>Formulario web<\/td><td>Finalidad: Atender sus consultas y\/o solicitudes<br>Plazo de conservaci\u00f3n: mientras se mantenga el consentimiento prestado.<br>Base leg\u00edtima: El consentimiento del interesado<br>Tipolog\u00eda de Datos: Datos meramente identificativos<br>Cesiones: Ninguna<br>Transferencias internacionales: No se prev\u00e9n<br>Elaboraciones de perfiles: No se prev\u00e9n<\/td><\/tr><tr><td>Gesti\u00f3n del cumplimiento normativo<\/td><td>Finalidad: Gesti\u00f3n y tramitaci\u00f3n de las obligaciones y deberes que se deriven del cumplimiento de la normativa a la cual est\u00e1 sujeta la entidad<br>Plazo de conservaci\u00f3n: conservaci\u00f3n de las copias de los documentos hasta que prescriban las acciones para reclamarle una posible responsabilidad<br>Base leg\u00edtima: El cumplimiento de una ley<br>Tipolog\u00eda de Datos: Datos meramente identificativos<br>Cesiones: sus datos ser\u00e1n comunicados en caso de ser necesario a Organismos y\/o administraci\u00f3n p\u00fablica con competencia en la materia con la finalidad de cumplir con las obligaciones establecidas en la normativa aplicable. Adem\u00e1s, se informa que la base legitimadora de la cesi\u00f3n es cumplir con las obligaciones establecidas en la normativa aplicable<br>Transferencias internacionales: No se prev\u00e9n<br>Elaboraciones de perfiles: No se prev\u00e9n<\/td><\/tr><tr><td>Newsletters<\/td><td>Finalidad: Captaci\u00f3n, registro y tratamiento de datos con finalidades de marketing para realizar el env\u00edo correspondiente a la Newsletter a la cual se ha subscrito<br>Plazo de conservaci\u00f3n: mientras se mantenga el consentimiento prestado<br>Base leg\u00edtima: El consentimiento del interesado<br>Tipolog\u00eda de Datos: Datos meramente identificativos<br>Cesiones: Ninguna<br>Transferencias internacionales: No se prev\u00e9n<br>Elaboraciones de perfiles: No se prev\u00e9n<\/td><\/tr><tr><td>Acciones Comerciales<\/td><td>Finalidad: Captaci\u00f3n, registro y tratamiento de datos con finalidades de publicidad y prospecci\u00f3n comercial de nuestros productos y\/o servicios<br>Plazo de conservaci\u00f3n: mientras se mantenga el consentimiento prestado<br>Base leg\u00edtima: El consentimiento del interesado<br>Tipolog\u00eda de Datos: Datos meramente identificativos<br>Cesiones: Ninguna<br>Transferencias internacionales: No se prev\u00e9n<br>Elaboraciones de perfiles: No se prev\u00e9n<\/td><\/tr><tr><td>Registro de los usuarios<\/td><td>Finalidad: Captaci\u00f3n, registro y tratamiento de datos para poder registrarse como usuario<br>Plazo de conservaci\u00f3n: mientras perdure el consentimiento prestado<br>Base leg\u00edtima: El consentimiento del interesado<br>Tipolog\u00eda de Datos: Datos meramente identificativos<br>Cesiones: No se prev\u00e9n<br>Transferencias internacionales: No se prev\u00e9n<br>Elaboraciones de perfiles: No se prev\u00e9n<\/td><\/tr><tr><td>Gesti\u00f3n de la compra<\/td><td>Finalidad: Captaci\u00f3n, registro y tratamiento de datos con la finalidad de gestionar su compra, as\u00ed como para el correcto desarrollo, cumplimiento y ejecuci\u00f3n del contrato entre ambas partes<br>Plazo de conservaci\u00f3n: durante el plazo necesario para gestionar la compra de los productos adquiridos incluyendo posibles devoluciones, quejas o reclamaciones asociadas a la compra del producto o servicio en particular<br>Base leg\u00edtima: La ejecuci\u00f3n de un contrato<br>Tipolog\u00eda de Datos: Datos meramente identificativos<br>Cesiones: sus datos podr\u00e1n ser comunicados en caso de ser necesario a empresas que subvencionen los concursos, premios y\/o promociones<br>Transferencias internacionales: No se prev\u00e9n<br>Elaboraciones de perfiles: No se prev\u00e9n<\/td><\/tr><tr><td>Gesti\u00f3n econ\u00f3mica y administrativa<\/td><td>Finalidad: Gesti\u00f3n administrativa, facturaci\u00f3n, contabilidad y obligaciones legales<br>Plazo de conservaci\u00f3n: 5 a\u00f1os en cumplimiento de la ley tributaria y 10 a\u00f1os la documentaci\u00f3n fiscal en cumplimiento de la L.O.7\/2012<br>Base leg\u00edtima: El consentimiento del interesado<br>Tipolog\u00eda de Datos: Datos meramente identificativos<br>Cesiones: sus datos ser\u00e1n comunicados en caso de ser necesario a Agencia Tributaria, Bancos, Cajas y Organismos y\/o administraci\u00f3n p\u00fablica con competencia en la materia con la finalidad de cumplir con las obligaciones tributarias y fiscales establecidas en la normativa aplicable. Adem\u00e1s, se informa que la base legitimadora de la cesi\u00f3n es cumplir con las obligaciones establecidas en la normativa aplicable<br>Transferencias internacionales: No se prev\u00e9n<br>Elaboraciones de perfiles: No se prev\u00e9n<\/td><\/tr><\/tbody><\/table><\/figure>\n\n\n\n<p><strong>Derechos de los interesados<\/strong><\/p>\n\n\n\n<p>ESCARRE AUTOMATIZACION Y SERVICIOS SL informa a los Usuarios que, podr\u00e1 ejercer los derechos de acceso, rectificaci\u00f3n, limitaci\u00f3n, supresi\u00f3n, portabilidad y oposici\u00f3n al tratamiento de sus datos de car\u00e1cter personal ante el Responsable del Tratamiento, as\u00ed como a la retirada del consentimiento prestado.<\/p>\n\n\n\n<ul class=\"wp-block-list\">\n<li>Derecho de Acceso: Es el derecho del usuario a obtener informaci\u00f3n sobre sus datos concretos de car\u00e1cter personal y del tratamiento que se haya realizado o realice, as\u00ed como de la informaci\u00f3n disponible sobre el origen de dichos datos y las comunicaciones realizadas o previstas de los mismos.<\/li>\n\n\n\n<li>Derecho de Rectificaci\u00f3n: Es el derecho del afectado a que se modifiquen los datos que resulten ser inexactos o incompletos. S\u00f3lo podr\u00e1 satisfacerse en relaci\u00f3n a aquella informaci\u00f3n que se encuentre bajo el control de ESCARRE AUTOMATIZACION Y SERVICIOS SL, por ejemplo, eliminar comentarios publicados en la propia p\u00e1gina, im\u00e1genes o contenidos web donde consten datos de car\u00e1cter personal del usuario.<\/li>\n\n\n\n<li>Derecho a la Limitaci\u00f3n de tratamiento: Es el derecho a que se limiten los fines del tratamiento previstos de forma original por el responsable del tratamiento.<\/li>\n\n\n\n<li>Derecho de Supresi\u00f3n: Es el derecho a suprimir los datos de car\u00e1cter personal del usuario, a excepci\u00f3n de lo previsto en el propio RGPD o en otras normativas aplicables que determinen la obligatoriedad de la conservaci\u00f3n de los mismos, en tiempo y forma.<\/li>\n\n\n\n<li>Derecho de portabilidad: El derecho a recibir los datos personales que el usuario, haya facilitado, en un formato estructurado, de uso com\u00fan y lectura mec\u00e1nica, y a transmitirlos a otro responsable.<\/li>\n\n\n\n<li>Derecho de Oposici\u00f3n: Es el derecho del usuario a que no se lleve a cabo el tratamiento de sus datos de car\u00e1cter personal o se cese el tratamiento de los mismos por parte de ESCARRE AUTOMATIZACION Y SERVICIOS SL.<\/li>\n<\/ul>\n\n\n\n<p>Para poder ejercer cualquiera de los derechos descritos anteriormente deber\u00e1 cumplir con los siguientes requisitos:<\/p>\n\n\n\n<ul class=\"wp-block-list\">\n<li>Presentaci\u00f3n de un escrito a la direcci\u00f3n HONDURES 48 08027, BARCELONA (a la atenci\u00f3n de ESCARRE AUTOMATIZACION Y SERVICIOS SL) o bien a trav\u00e9s de correo electr\u00f3nico a eas@escarre.com.<\/li>\n\n\n\n<li>El escrito remitido por el titular de los datos que solicite el ejercicio deber\u00e1 de cumplir los siguientes requisitos legales:\n<ul class=\"wp-block-list\">\n<li>Nombre, apellidos del interesado y copia del DNI\/NIE o cualquier documento identificativo. En los excepcionales casos en que se admita la representaci\u00f3n, ser\u00e1 tambi\u00e9n necesaria la identificaci\u00f3n por el mismo medio de la persona que le representa, as\u00ed como el documento acreditativo de la representaci\u00f3n. La fotocopia del DNI podr\u00e1 ser sustituida siempre que se acredite la identidad por cualquier otro medio v\u00e1lido en derecho.<\/li>\n\n\n\n<li>Petici\u00f3n en que se concreta la solicitud. (Ejercicio en el que se solicita la informaci\u00f3n a la que se quiere acceder). Si no hace referencia a un fichero concreto se le facilitar\u00e1 toda la informaci\u00f3n que se tenga con sus datos de car\u00e1cter personal. Si solicita informaci\u00f3n de un fichero en concreto, s\u00f3lo la informaci\u00f3n de este fichero. Si solicita informaci\u00f3n relativa a un tercero nunca se podr\u00e1 facilitar. Si lo solicita por tel\u00e9fono se le indicar\u00e1 que lo haga por escrito y se le informar\u00e1 de c\u00f3mo lo puede hacer y la direcci\u00f3n a la que tiene que enviarlo. Nunca se le dar\u00e1 informaci\u00f3n por tel\u00e9fono.<\/li>\n\n\n\n<li>Domicilio a efectos de notificaciones.<\/li>\n\n\n\n<li>Fecha y firma del solicitante.<\/li>\n\n\n\n<li>Documentos acreditativos de la petici\u00f3n que formula.<\/li>\n\n\n\n<li>El interesado debe utilizar cualquier medio que permita acreditar el env\u00edo y la recepci\u00f3n de la solicitud.<\/li>\n<\/ul>\n<\/li>\n<\/ul>\n\n\n\n<p>Por \u00faltimo, le informamos que Usted tiene derecho a presentar una reclamaci\u00f3n ante la Agencia Espa\u00f1ola de Protecci\u00f3n de Datos en caso de que tenga conocimiento o considere que un hecho pueda suponer un incumplimiento de la normativa aplicable en materia de protecci\u00f3n de datos.<\/p>\n\n\n\n<p><br>ESCARRE AUTOMATIZACION Y SERVICIOS SL se compromete a adoptar las medidas t\u00e9cnicas y organizativas necesarias, acorde al nivel de riesgos que acompa\u00f1an los tratamientos realizados por \u00e9stas e indicados en el apartado de los t\u00e9rminos y condiciones de uso, de forma que garanticen su integridad, confidencialidad y disponibilidad.<\/p>\n\n\n\n<p><strong>POL\u00cdTICA DE PRIVACIDAD REDES SOCIALES<\/strong><\/p>\n\n\n\n<p>De conformidad con lo establecido en la normativa vigente y aplicable de protecci\u00f3n de datos de car\u00e1cter personal y la Ley 34\/2002, de 11 de julio, de Servicios de la Sociedad de la Informaci\u00f3n y de Comercio Electr\u00f3nico (LSSI-CE), ESCARRE AUTOMATIZACION Y SERVICIOS SL informa a los usuarios, que ha procedido a crear un perfil en las Redes Sociales Twitter, Linkedin, YouTube, con la finalidad principal de publicitar sus productos y servicios.<\/p>\n\n\n\n<p><br>Datos de ESCARRE AUTOMATIZACION Y SERVICIOS SL:<\/p>\n\n\n\n<ul class=\"wp-block-list\">\n<li>NIF: B59909325<\/li>\n\n\n\n<li>DIRECCI\u00d3N: COSTA RICA 21-23 08027, BARCELONA<\/li>\n\n\n\n<li>CORREO ELECTR\u00d3NICO: eas@escarre.com<\/li>\n\n\n\n<li>DOMINIO WEB: escarre.com<\/li>\n<\/ul>\n\n\n\n<p>El usuario dispone de un perfil en la misma Red Social y ha decidido unirse a la p\u00e1gina creada por ESCARRE AUTOMATIZACION Y SERVICIOS SL, mostrando as\u00ed inter\u00e9s en la informaci\u00f3n que se publicite en la Red. Al unirse a nuestra p\u00e1gina, nos facilita su consentimiento para el tratamiento de aquellos datos personales publicados en su perfil.<br>El usuario puede acceder en todo momento a las pol\u00edticas de privacidad de la propia Red Social, as\u00ed como configurar su perfil para garantizar su privacidad.<br>ESCARRE AUTOMATIZACION Y SERVICIOS SL tiene acceso y trata aquella informaci\u00f3n p\u00fablica del usuario, en especial, su nombre de contacto. Estos datos, s\u00f3lo son utilizados dentro de la propia Red Social. No son incorporados a ning\u00fan sistema de tratamiento.<br>Derechos de los interesados<br>En relaci\u00f3n a los derechos de acceso, rectificaci\u00f3n, limitaci\u00f3n de tratamiento, supresi\u00f3n, portabilidad y oposici\u00f3n al tratamiento de sus datos de car\u00e1cter personal, de los que usted dispone y que pueden ser ejercitados ante ESCARRE AUTOMATIZACION Y SERVICIOS SL, de acuerdo con el RGPD, debe tener en cuenta los siguientes matices:<\/p>\n\n\n\n<ul class=\"wp-block-list\">\n<li>Derecho de Acceso: Es el derecho del usuario a obtener informaci\u00f3n sobre sus datos concretos de car\u00e1cter personal y del tratamiento que se haya realizado o realice, as\u00ed como de la informaci\u00f3n disponible sobre el origen de dichos datos y las comunicaciones realizadas o previstas de los mismos.<\/li>\n\n\n\n<li>Derecho de Rectificaci\u00f3n: Es el derecho del afectado a que se modifiquen los datos que resulten ser inexactos o incompletos. S\u00f3lo podr\u00e1 satisfacerse en relaci\u00f3n a aquella informaci\u00f3n que se encuentre bajo el control de ESCARRE AUTOMATIZACION Y SERVICIOS SL, por ejemplo, eliminar comentarios publicados en la propia p\u00e1gina, im\u00e1genes o contenidos web donde consten datos de car\u00e1cter personal del usuario.<\/li>\n\n\n\n<li>Derecho a la Limitaci\u00f3n de tratamiento: Es el derecho a que se limiten los fines del tratamiento previstos de forma original por el responsable del tratamiento. Derecho de Supresi\u00f3n: Es el derecho a suprimir los datos de car\u00e1cter personal del usuario, a excepci\u00f3n de lo previsto en el propio RGPD o en otras normativas aplicables que determinen la obligatoriedad de la conservaci\u00f3n de los mismos, en tiempo y forma.<\/li>\n\n\n\n<li>Derecho de portabilidad: El derecho a recibir los datos personales que el usuario, haya facilitado, en un formato estructurado, de uso com\u00fan y lectura mec\u00e1nica, y a transmitirlos a otro responsable.<\/li>\n\n\n\n<li>Derecho de Oposici\u00f3n: Es el derecho del usuario a que no se lleve a cabo el tratamiento de sus datos de car\u00e1cter personal o se cese el tratamiento de los mismos por parte de ESCARRE AUTOMATIZACION Y SERVICIOS SL.<\/li>\n<\/ul>\n\n\n\n<p>El usuario siempre puede controlar sus conexiones, eliminar los contenidos que dejen de interesarle y restringir con qui\u00e9n comparte sus conexiones, para ello deber\u00e1 acceder a su configuraci\u00f3n de privacidad.<\/p>\n\n\n\n<p><strong>Publicaciones<\/strong><\/p>\n\n\n\n<p>El usuario, una vez unido a la p\u00e1gina de ESCARRE AUTOMATIZACION Y SERVICIOS SL, podr\u00e1 publicar en \u00e9sta \u00faltima comentarios, enlaces, im\u00e1genes o fotograf\u00edas o cualquier otro tipo de contenido multimedia soportado por la Red Social. El usuario, en todos los casos, debe ser el titular de los mismos, gozar de los derechos de autor y de propiedad intelectual o contar con el consentimiento de los terceros afectados. Se proh\u00edbe expresamente cualquier publicaci\u00f3n en la p\u00e1gina, ya sean textos, gr\u00e1ficos, fotograf\u00edas, v\u00eddeos, etc. que atenten o sean susceptibles de atentar contra la moral, la \u00e9tica, el buen gusto o el decoro, y\/o que infrinjan, violen o quebranten los derechos de propiedad intelectual o industrial, el derecho a la imagen o la Ley. En estos casos, ESCARRE AUTOMATIZACION Y SERVICIOS SL se reserva el derecho a retirar de inmediato el contenido, pudiendo solicitar el bloqueo permanente del usuario.<br>ESCARRE AUTOMATIZACION Y SERVICIOS SL no se har\u00e1 responsable de los contenidos que libremente ha publicado un usuario.<br>El usuario debe tener presente que sus publicaciones ser\u00e1n conocidas por los otros usuarios, por lo que \u00e9l mismo es el principal responsable de su privacidad.<br>Las im\u00e1genes que puedan publicarse en la p\u00e1gina no ser\u00e1n almacenadas en ning\u00fan sistema de tratamiento por parte de ESCARRE AUTOMATIZACION Y SERVICIOS SL, pero s\u00ed que permanecer\u00e1n en la Red Social.<\/p>\n\n\n\n<p><strong>Concursos y promociones<br><\/strong>ESCARRE AUTOMATIZACION Y SERVICIOS SL se reserva el derecho a realizar concursos y promociones, en los que podr\u00e1 participar el usuario unido a su p\u00e1gina. Las bases de cada uno de ellos, cuando se utilice para ello la plataforma de la Red Social, ser\u00e1n publicadas en la misma. Cumpliendo siempre con la LSSI-CE y con cualquier otra norma que le sea de aplicaci\u00f3n.<br>La Red Social no patrocina, avala ni administra, de modo alguno, ninguna de nuestras promociones, ni est\u00e1 asociada a ninguna de ellas.<\/p>\n\n\n\n<p><br><strong>Publicidad<\/strong><br>ESCARRE AUTOMATIZACION Y SERVICIOS SL utilizar\u00e1 la Red Social para publicitar sus productos y servicios, en todo caso, si decide tratar sus datos de contacto para realizar acciones directas de prospecci\u00f3n comercial, ser\u00e1 siempre, cumpliendo con las exigencias legales del RGPD y de la LSSI-CE.<br>No se considerar\u00e1 publicidad el hecho de recomendar a otros usuarios la p\u00e1gina de ESCARRE AUTOMATIZACION Y SERVICIOS SL para que tambi\u00e9n ellos puedan disfrutar de las promociones o estar informados de su actividad.<\/p>\n\n\n\n<p>A continuaci\u00f3n detallamos el enlace a la pol\u00edtica de privacidad de la Red Social:<\/p>\n\n\n\n<ul class=\"wp-block-list\">\n<li>Twitter: https:\/\/twitter.com\/privacy<\/li>\n\n\n\n<li>Linkedin: http:\/\/www.linkedin.com\/legal\/privacy-policy?trk=hb_ft_priv<\/li>\n\n\n\n<li>YouTube: https:\/\/www.youtube.com\/intl\/es\/about\/policies\/#community-guidelines<\/li>\n<\/ul>\n\n\n\n<p><strong>\u00daLTIMA ACTUALIZACI\u00d3N: 23 de Agosto de 202<\/strong>3<\/p>\n\n\n\n<p><\/p>\n","protected":false},"excerpt":{"rendered":"<p>Datos del propietario de la web: RAZ\u00d3N SOCIAL ESCARRE AUTOMATIZACION Y SERVICIOS SL NIF B59909325 DIRECCI\u00d3N POSTAL COSTA RICA 21-23 08027, BARCELONA DIRECCI\u00d3N ELECTR\u00d3NICA eas@escarre.com TEL\u00c9FONOS 934083809 REGISTRO MERCANTIL tomo &hellip;<\/p>\n","protected":false},"author":1,"featured_media":0,"parent":0,"menu_order":0,"comment_status":"closed","ping_status":"open","template":"page-templates\/page-basic-page.php","meta":{"_acf_changed":false,"footnotes":""},"color":[],"class_list":["post-3","page","type-page","status-publish","hentry"],"acf":[],"yoast_head":"<!-- This site is optimized with the Yoast SEO plugin v26.7 - https:\/\/yoast.com\/wordpress\/plugins\/seo\/ -->\n<title>Pol\u00edtica de privacidad \/ Redes sociales - Escarre<\/title>\n<meta name=\"description\" content=\"Datos del propietario de la web: RAZ\u00d3N SOCIALESCARRE AUTOMATIZACION Y SERVICIOS SLNIFB59909325 DIRECCI\u00d3N POSTALCOSTA RICA 21-23 08027, BARCELONADIRECCI\u00d3N\" \/>\n<meta name=\"robots\" content=\"index, follow, max-snippet:-1, max-image-preview:large, max-video-preview:-1\" \/>\n<link rel=\"canonical\" href=\"https:\/\/escarre.com\/es\/politica-privacidad\/\" \/>\n<meta property=\"og:locale\" content=\"es_ES\" \/>\n<meta property=\"og:type\" content=\"article\" \/>\n<meta property=\"og:title\" content=\"Pol\u00edtica de privacidad \/ Redes sociales - Escarre\" \/>\n<meta property=\"og:description\" content=\"Datos del propietario de la web: RAZ\u00d3N SOCIALESCARRE AUTOMATIZACION Y SERVICIOS SLNIFB59909325 DIRECCI\u00d3N POSTALCOSTA RICA 21-23 08027, BARCELONADIRECCI\u00d3N\" \/>\n<meta property=\"og:url\" content=\"https:\/\/escarre.com\/es\/politica-privacidad\/\" \/>\n<meta property=\"og:site_name\" content=\"Escarre\" \/>\n<meta property=\"article:modified_time\" content=\"2025-07-23T08:59:29+00:00\" \/>\n<meta name=\"twitter:card\" content=\"summary_large_image\" \/>\n<meta name=\"twitter:label1\" content=\"Tiempo de lectura\" \/>\n\t<meta name=\"twitter:data1\" content=\"11 minutos\" \/>\n<script type=\"application\/ld+json\" class=\"yoast-schema-graph\">{\"@context\":\"https:\/\/schema.org\",\"@graph\":[{\"@type\":\"WebPage\",\"@id\":\"https:\/\/escarre.com\/es\/politica-privacidad\/\",\"url\":\"https:\/\/escarre.com\/es\/politica-privacidad\/\",\"name\":\"Pol\u00edtica de privacidad \/ Redes sociales - Escarre\",\"isPartOf\":{\"@id\":\"https:\/\/escarre.com\/es\/#website\"},\"datePublished\":\"2022-03-30T09:27:15+00:00\",\"dateModified\":\"2025-07-23T08:59:29+00:00\",\"description\":\"Datos del propietario de la web: RAZ\u00d3N SOCIALESCARRE AUTOMATIZACION Y SERVICIOS SLNIFB59909325 DIRECCI\u00d3N POSTALCOSTA RICA 21-23 08027, BARCELONADIRECCI\u00d3N\",\"breadcrumb\":{\"@id\":\"https:\/\/escarre.com\/es\/politica-privacidad\/#breadcrumb\"},\"inLanguage\":\"es\",\"potentialAction\":[{\"@type\":\"ReadAction\",\"target\":[\"https:\/\/escarre.com\/es\/politica-privacidad\/\"]}]},{\"@type\":\"BreadcrumbList\",\"@id\":\"https:\/\/escarre.com\/es\/politica-privacidad\/#breadcrumb\",\"itemListElement\":[{\"@type\":\"ListItem\",\"position\":1,\"name\":\"Portada\",\"item\":\"https:\/\/escarre.com\/es\/\"},{\"@type\":\"ListItem\",\"position\":2,\"name\":\"Pol\u00edtica de privacidad \/ Redes sociales\"}]},{\"@type\":\"WebSite\",\"@id\":\"https:\/\/escarre.com\/es\/#website\",\"url\":\"https:\/\/escarre.com\/es\/\",\"name\":\"Escarre\",\"description\":\"\",\"publisher\":{\"@id\":\"https:\/\/escarre.com\/es\/#organization\"},\"potentialAction\":[{\"@type\":\"SearchAction\",\"target\":{\"@type\":\"EntryPoint\",\"urlTemplate\":\"https:\/\/escarre.com\/es\/?s={search_term_string}\"},\"query-input\":{\"@type\":\"PropertyValueSpecification\",\"valueRequired\":true,\"valueName\":\"search_term_string\"}}],\"inLanguage\":\"es\"},{\"@type\":\"Organization\",\"@id\":\"https:\/\/escarre.com\/es\/#organization\",\"name\":\"Escarre\",\"url\":\"https:\/\/escarre.com\/es\/\",\"logo\":{\"@type\":\"ImageObject\",\"inLanguage\":\"es\",\"@id\":\"https:\/\/escarre.com\/es\/#\/schema\/logo\/image\/\",\"url\":\"https:\/\/escarre.com\/wp-content\/uploads\/logo-eas-1.png\",\"contentUrl\":\"https:\/\/escarre.com\/wp-content\/uploads\/logo-eas-1.png\",\"width\":700,\"height\":125,\"caption\":\"Escarre\"},\"image\":{\"@id\":\"https:\/\/escarre.com\/es\/#\/schema\/logo\/image\/\"}}]}<\/script>\n<!-- \/ Yoast SEO plugin. -->","yoast_head_json":{"title":"Pol\u00edtica de privacidad \/ Redes sociales - Escarre","description":"Datos del propietario de la web: RAZ\u00d3N SOCIALESCARRE AUTOMATIZACION Y SERVICIOS SLNIFB59909325 DIRECCI\u00d3N POSTALCOSTA RICA 21-23 08027, BARCELONADIRECCI\u00d3N","robots":{"index":"index","follow":"follow","max-snippet":"max-snippet:-1","max-image-preview":"max-image-preview:large","max-video-preview":"max-video-preview:-1"},"canonical":"https:\/\/escarre.com\/es\/politica-privacidad\/","og_locale":"es_ES","og_type":"article","og_title":"Pol\u00edtica de privacidad \/ Redes sociales - Escarre","og_description":"Datos del propietario de la web: RAZ\u00d3N SOCIALESCARRE AUTOMATIZACION Y SERVICIOS SLNIFB59909325 DIRECCI\u00d3N POSTALCOSTA RICA 21-23 08027, BARCELONADIRECCI\u00d3N","og_url":"https:\/\/escarre.com\/es\/politica-privacidad\/","og_site_name":"Escarre","article_modified_time":"2025-07-23T08:59:29+00:00","twitter_card":"summary_large_image","twitter_misc":{"Tiempo de lectura":"11 minutos"},"schema":{"@context":"https:\/\/schema.org","@graph":[{"@type":"WebPage","@id":"https:\/\/escarre.com\/es\/politica-privacidad\/","url":"https:\/\/escarre.com\/es\/politica-privacidad\/","name":"Pol\u00edtica de privacidad \/ Redes sociales - Escarre","isPartOf":{"@id":"https:\/\/escarre.com\/es\/#website"},"datePublished":"2022-03-30T09:27:15+00:00","dateModified":"2025-07-23T08:59:29+00:00","description":"Datos del propietario de la web: RAZ\u00d3N SOCIALESCARRE AUTOMATIZACION Y SERVICIOS SLNIFB59909325 DIRECCI\u00d3N POSTALCOSTA RICA 21-23 08027, BARCELONADIRECCI\u00d3N","breadcrumb":{"@id":"https:\/\/escarre.com\/es\/politica-privacidad\/#breadcrumb"},"inLanguage":"es","potentialAction":[{"@type":"ReadAction","target":["https:\/\/escarre.com\/es\/politica-privacidad\/"]}]},{"@type":"BreadcrumbList","@id":"https:\/\/escarre.com\/es\/politica-privacidad\/#breadcrumb","itemListElement":[{"@type":"ListItem","position":1,"name":"Portada","item":"https:\/\/escarre.com\/es\/"},{"@type":"ListItem","position":2,"name":"Pol\u00edtica de privacidad \/ Redes sociales"}]},{"@type":"WebSite","@id":"https:\/\/escarre.com\/es\/#website","url":"https:\/\/escarre.com\/es\/","name":"Escarre","description":"","publisher":{"@id":"https:\/\/escarre.com\/es\/#organization"},"potentialAction":[{"@type":"SearchAction","target":{"@type":"EntryPoint","urlTemplate":"https:\/\/escarre.com\/es\/?s={search_term_string}"},"query-input":{"@type":"PropertyValueSpecification","valueRequired":true,"valueName":"search_term_string"}}],"inLanguage":"es"},{"@type":"Organization","@id":"https:\/\/escarre.com\/es\/#organization","name":"Escarre","url":"https:\/\/escarre.com\/es\/","logo":{"@type":"ImageObject","inLanguage":"es","@id":"https:\/\/escarre.com\/es\/#\/schema\/logo\/image\/","url":"https:\/\/escarre.com\/wp-content\/uploads\/logo-eas-1.png","contentUrl":"https:\/\/escarre.com\/wp-content\/uploads\/logo-eas-1.png","width":700,"height":125,"caption":"Escarre"},"image":{"@id":"https:\/\/escarre.com\/es\/#\/schema\/logo\/image\/"}}]}},"_links":{"self":[{"href":"https:\/\/escarre.com\/es\/wp-json\/wp\/v2\/pages\/3","targetHints":{"allow":["GET"]}}],"collection":[{"href":"https:\/\/escarre.com\/es\/wp-json\/wp\/v2\/pages"}],"about":[{"href":"https:\/\/escarre.com\/es\/wp-json\/wp\/v2\/types\/page"}],"author":[{"embeddable":true,"href":"https:\/\/escarre.com\/es\/wp-json\/wp\/v2\/users\/1"}],"replies":[{"embeddable":true,"href":"https:\/\/escarre.com\/es\/wp-json\/wp\/v2\/comments?post=3"}],"version-history":[{"count":4,"href":"https:\/\/escarre.com\/es\/wp-json\/wp\/v2\/pages\/3\/revisions"}],"predecessor-version":[{"id":7542,"href":"https:\/\/escarre.com\/es\/wp-json\/wp\/v2\/pages\/3\/revisions\/7542"}],"wp:attachment":[{"href":"https:\/\/escarre.com\/es\/wp-json\/wp\/v2\/media?parent=3"}],"wp:term":[{"taxonomy":"color","embeddable":true,"href":"https:\/\/escarre.com\/es\/wp-json\/wp\/v2\/color?post=3"}],"curies":[{"name":"wp","href":"https:\/\/api.w.org\/{rel}","templated":true}]}}