{"id":3193,"date":"2023-06-07T15:56:18","date_gmt":"2023-06-07T15:56:18","guid":{"rendered":"https:\/\/escarre.com\/controladores-atlantis\/"},"modified":"2025-04-11T07:43:56","modified_gmt":"2025-04-11T07:43:56","slug":"controladores-atlantis","status":"publish","type":"page","link":"https:\/\/escarre.com\/pt-pt\/controladores-atlantis\/","title":{"rendered":"Controladores Atlantis"},"content":{"rendered":"\n<p>Os controladores Atlantis s\u00e3o a escolha perfeita para ambientes industriais que buscam alto desempenho em m\u00e1quinas t\u00eaxteis. Gra\u00e7as ao seu design compacto, s\u00e3o facilmente integrados a qualquer m\u00e1quina e sua tela sens\u00edvel ao toque de alta visibilidade melhora a efici\u00eancia e facilita a manuten\u00e7\u00e3o.<\/p>\n","protected":false},"excerpt":{"rendered":"<p>Os controladores Atlantis s\u00e3o a escolha perfeita para ambientes industriais que buscam alto desempenho em m\u00e1quinas t\u00eaxteis. Gra\u00e7as ao seu design compacto, s\u00e3o facilmente integrados a qualquer m\u00e1quina e sua &hellip;<\/p>\n","protected":false},"author":1,"featured_media":7043,"parent":0,"menu_order":0,"comment_status":"closed","ping_status":"closed","template":"page-templates\/page-with-header-section-2.php","meta":{"_acf_changed":false,"footnotes":""},"color":[9],"class_list":["post-3193","page","type-page","status-publish","has-post-thumbnail","hentry","color-blue"],"acf":[],"yoast_head":"<!-- This site is optimized with the Yoast SEO plugin v26.7 - https:\/\/yoast.com\/wordpress\/plugins\/seo\/ -->\n<title>Controladores Atlantis - Inova\u00e7\u00e3o em Automa\u00e7\u00e3o de M\u00e1quinas T\u00eaxteis<\/title>\n<meta name=\"description\" content=\"Os controladores Atlantis s\u00e3o a escolha perfeita para ambientes industriais que buscam alto desempenho em m\u00e1quinas t\u00eaxteis. Descubra!\" \/>\n<meta name=\"robots\" content=\"index, follow, max-snippet:-1, max-image-preview:large, max-video-preview:-1\" \/>\n<link rel=\"canonical\" href=\"https:\/\/escarre.com\/pt-pt\/controladores-atlantis\/\" \/>\n<meta property=\"og:locale\" content=\"pt_PT\" \/>\n<meta property=\"og:type\" content=\"article\" \/>\n<meta property=\"og:title\" content=\"Controladores Atlantis - Inova\u00e7\u00e3o em Automa\u00e7\u00e3o de M\u00e1quinas T\u00eaxteis\" \/>\n<meta property=\"og:description\" content=\"Os controladores Atlantis s\u00e3o a escolha perfeita para ambientes industriais que buscam alto desempenho em m\u00e1quinas t\u00eaxteis. Descubra!\" \/>\n<meta property=\"og:url\" content=\"https:\/\/escarre.com\/pt-pt\/controladores-atlantis\/\" \/>\n<meta property=\"og:site_name\" content=\"Escarre\" \/>\n<meta property=\"article:modified_time\" content=\"2025-04-11T07:43:56+00:00\" \/>\n<meta property=\"og:image\" content=\"https:\/\/escarre.com\/wp-content\/uploads\/Line-Up-controladores-2024-1-1.png\" \/>\n\t<meta property=\"og:image:width\" content=\"990\" \/>\n\t<meta property=\"og:image:height\" content=\"630\" \/>\n\t<meta property=\"og:image:type\" content=\"image\/png\" \/>\n<meta name=\"twitter:card\" content=\"summary_large_image\" \/>\n<meta name=\"twitter:label1\" content=\"Tempo estimado de leitura\" \/>\n\t<meta name=\"twitter:data1\" content=\"1 minuto\" \/>\n<script type=\"application\/ld+json\" class=\"yoast-schema-graph\">{\"@context\":\"https:\/\/schema.org\",\"@graph\":[{\"@type\":\"WebPage\",\"@id\":\"https:\/\/escarre.com\/pt-pt\/controladores-atlantis\/\",\"url\":\"https:\/\/escarre.com\/pt-pt\/controladores-atlantis\/\",\"name\":\"Controladores Atlantis - Inova\u00e7\u00e3o em Automa\u00e7\u00e3o de M\u00e1quinas T\u00eaxteis\",\"isPartOf\":{\"@id\":\"https:\/\/escarre.com\/pt-pt\/#website\"},\"primaryImageOfPage\":{\"@id\":\"https:\/\/escarre.com\/pt-pt\/controladores-atlantis\/#primaryimage\"},\"image\":{\"@id\":\"https:\/\/escarre.com\/pt-pt\/controladores-atlantis\/#primaryimage\"},\"thumbnailUrl\":\"https:\/\/escarre.com\/wp-content\/uploads\/Line-Up-controladores-2024-1-1.png\",\"datePublished\":\"2023-06-07T15:56:18+00:00\",\"dateModified\":\"2025-04-11T07:43:56+00:00\",\"description\":\"Os controladores Atlantis s\u00e3o a escolha perfeita para ambientes industriais que buscam alto desempenho em m\u00e1quinas t\u00eaxteis. Descubra!\",\"breadcrumb\":{\"@id\":\"https:\/\/escarre.com\/pt-pt\/controladores-atlantis\/#breadcrumb\"},\"inLanguage\":\"pt-PT\",\"potentialAction\":[{\"@type\":\"ReadAction\",\"target\":[\"https:\/\/escarre.com\/pt-pt\/controladores-atlantis\/\"]}]},{\"@type\":\"ImageObject\",\"inLanguage\":\"pt-PT\",\"@id\":\"https:\/\/escarre.com\/pt-pt\/controladores-atlantis\/#primaryimage\",\"url\":\"https:\/\/escarre.com\/wp-content\/uploads\/Line-Up-controladores-2024-1-1.png\",\"contentUrl\":\"https:\/\/escarre.com\/wp-content\/uploads\/Line-Up-controladores-2024-1-1.png\",\"width\":990,\"height\":630},{\"@type\":\"BreadcrumbList\",\"@id\":\"https:\/\/escarre.com\/pt-pt\/controladores-atlantis\/#breadcrumb\",\"itemListElement\":[{\"@type\":\"ListItem\",\"position\":1,\"name\":\"Portada\",\"item\":\"https:\/\/escarre.com\/pt-pt\/\"},{\"@type\":\"ListItem\",\"position\":2,\"name\":\"Controladores Atlantis\"}]},{\"@type\":\"WebSite\",\"@id\":\"https:\/\/escarre.com\/pt-pt\/#website\",\"url\":\"https:\/\/escarre.com\/pt-pt\/\",\"name\":\"Escarre\",\"description\":\"\",\"publisher\":{\"@id\":\"https:\/\/escarre.com\/pt-pt\/#organization\"},\"potentialAction\":[{\"@type\":\"SearchAction\",\"target\":{\"@type\":\"EntryPoint\",\"urlTemplate\":\"https:\/\/escarre.com\/pt-pt\/?s={search_term_string}\"},\"query-input\":{\"@type\":\"PropertyValueSpecification\",\"valueRequired\":true,\"valueName\":\"search_term_string\"}}],\"inLanguage\":\"pt-PT\"},{\"@type\":\"Organization\",\"@id\":\"https:\/\/escarre.com\/pt-pt\/#organization\",\"name\":\"Escarre\",\"url\":\"https:\/\/escarre.com\/pt-pt\/\",\"logo\":{\"@type\":\"ImageObject\",\"inLanguage\":\"pt-PT\",\"@id\":\"https:\/\/escarre.com\/pt-pt\/#\/schema\/logo\/image\/\",\"url\":\"https:\/\/escarre.com\/wp-content\/uploads\/logo-eas-1.png\",\"contentUrl\":\"https:\/\/escarre.com\/wp-content\/uploads\/logo-eas-1.png\",\"width\":700,\"height\":125,\"caption\":\"Escarre\"},\"image\":{\"@id\":\"https:\/\/escarre.com\/pt-pt\/#\/schema\/logo\/image\/\"}}]}<\/script>\n<!-- \/ Yoast SEO plugin. -->","yoast_head_json":{"title":"Controladores Atlantis - Inova\u00e7\u00e3o em Automa\u00e7\u00e3o de M\u00e1quinas T\u00eaxteis","description":"Os controladores Atlantis s\u00e3o a escolha perfeita para ambientes industriais que buscam alto desempenho em m\u00e1quinas t\u00eaxteis. Descubra!","robots":{"index":"index","follow":"follow","max-snippet":"max-snippet:-1","max-image-preview":"max-image-preview:large","max-video-preview":"max-video-preview:-1"},"canonical":"https:\/\/escarre.com\/pt-pt\/controladores-atlantis\/","og_locale":"pt_PT","og_type":"article","og_title":"Controladores Atlantis - Inova\u00e7\u00e3o em Automa\u00e7\u00e3o de M\u00e1quinas T\u00eaxteis","og_description":"Os controladores Atlantis s\u00e3o a escolha perfeita para ambientes industriais que buscam alto desempenho em m\u00e1quinas t\u00eaxteis. Descubra!","og_url":"https:\/\/escarre.com\/pt-pt\/controladores-atlantis\/","og_site_name":"Escarre","article_modified_time":"2025-04-11T07:43:56+00:00","og_image":[{"width":990,"height":630,"url":"https:\/\/escarre.com\/wp-content\/uploads\/Line-Up-controladores-2024-1-1.png","type":"image\/png"}],"twitter_card":"summary_large_image","twitter_misc":{"Tempo estimado de leitura":"1 minuto"},"schema":{"@context":"https:\/\/schema.org","@graph":[{"@type":"WebPage","@id":"https:\/\/escarre.com\/pt-pt\/controladores-atlantis\/","url":"https:\/\/escarre.com\/pt-pt\/controladores-atlantis\/","name":"Controladores Atlantis - Inova\u00e7\u00e3o em Automa\u00e7\u00e3o de M\u00e1quinas T\u00eaxteis","isPartOf":{"@id":"https:\/\/escarre.com\/pt-pt\/#website"},"primaryImageOfPage":{"@id":"https:\/\/escarre.com\/pt-pt\/controladores-atlantis\/#primaryimage"},"image":{"@id":"https:\/\/escarre.com\/pt-pt\/controladores-atlantis\/#primaryimage"},"thumbnailUrl":"https:\/\/escarre.com\/wp-content\/uploads\/Line-Up-controladores-2024-1-1.png","datePublished":"2023-06-07T15:56:18+00:00","dateModified":"2025-04-11T07:43:56+00:00","description":"Os controladores Atlantis s\u00e3o a escolha perfeita para ambientes industriais que buscam alto desempenho em m\u00e1quinas t\u00eaxteis. Descubra!","breadcrumb":{"@id":"https:\/\/escarre.com\/pt-pt\/controladores-atlantis\/#breadcrumb"},"inLanguage":"pt-PT","potentialAction":[{"@type":"ReadAction","target":["https:\/\/escarre.com\/pt-pt\/controladores-atlantis\/"]}]},{"@type":"ImageObject","inLanguage":"pt-PT","@id":"https:\/\/escarre.com\/pt-pt\/controladores-atlantis\/#primaryimage","url":"https:\/\/escarre.com\/wp-content\/uploads\/Line-Up-controladores-2024-1-1.png","contentUrl":"https:\/\/escarre.com\/wp-content\/uploads\/Line-Up-controladores-2024-1-1.png","width":990,"height":630},{"@type":"BreadcrumbList","@id":"https:\/\/escarre.com\/pt-pt\/controladores-atlantis\/#breadcrumb","itemListElement":[{"@type":"ListItem","position":1,"name":"Portada","item":"https:\/\/escarre.com\/pt-pt\/"},{"@type":"ListItem","position":2,"name":"Controladores Atlantis"}]},{"@type":"WebSite","@id":"https:\/\/escarre.com\/pt-pt\/#website","url":"https:\/\/escarre.com\/pt-pt\/","name":"Escarre","description":"","publisher":{"@id":"https:\/\/escarre.com\/pt-pt\/#organization"},"potentialAction":[{"@type":"SearchAction","target":{"@type":"EntryPoint","urlTemplate":"https:\/\/escarre.com\/pt-pt\/?s={search_term_string}"},"query-input":{"@type":"PropertyValueSpecification","valueRequired":true,"valueName":"search_term_string"}}],"inLanguage":"pt-PT"},{"@type":"Organization","@id":"https:\/\/escarre.com\/pt-pt\/#organization","name":"Escarre","url":"https:\/\/escarre.com\/pt-pt\/","logo":{"@type":"ImageObject","inLanguage":"pt-PT","@id":"https:\/\/escarre.com\/pt-pt\/#\/schema\/logo\/image\/","url":"https:\/\/escarre.com\/wp-content\/uploads\/logo-eas-1.png","contentUrl":"https:\/\/escarre.com\/wp-content\/uploads\/logo-eas-1.png","width":700,"height":125,"caption":"Escarre"},"image":{"@id":"https:\/\/escarre.com\/pt-pt\/#\/schema\/logo\/image\/"}}]}},"_links":{"self":[{"href":"https:\/\/escarre.com\/pt-pt\/wp-json\/wp\/v2\/pages\/3193","targetHints":{"allow":["GET"]}}],"collection":[{"href":"https:\/\/escarre.com\/pt-pt\/wp-json\/wp\/v2\/pages"}],"about":[{"href":"https:\/\/escarre.com\/pt-pt\/wp-json\/wp\/v2\/types\/page"}],"author":[{"embeddable":true,"href":"https:\/\/escarre.com\/pt-pt\/wp-json\/wp\/v2\/users\/1"}],"replies":[{"embeddable":true,"href":"https:\/\/escarre.com\/pt-pt\/wp-json\/wp\/v2\/comments?post=3193"}],"version-history":[{"count":15,"href":"https:\/\/escarre.com\/pt-pt\/wp-json\/wp\/v2\/pages\/3193\/revisions"}],"predecessor-version":[{"id":7488,"href":"https:\/\/escarre.com\/pt-pt\/wp-json\/wp\/v2\/pages\/3193\/revisions\/7488"}],"wp:featuredmedia":[{"embeddable":true,"href":"https:\/\/escarre.com\/pt-pt\/wp-json\/wp\/v2\/media\/7043"}],"wp:attachment":[{"href":"https:\/\/escarre.com\/pt-pt\/wp-json\/wp\/v2\/media?parent=3193"}],"wp:term":[{"taxonomy":"color","embeddable":true,"href":"https:\/\/escarre.com\/pt-pt\/wp-json\/wp\/v2\/color?post=3193"}],"curies":[{"name":"wp","href":"https:\/\/api.w.org\/{rel}","templated":true}]}}