{"id":3279,"date":"2023-06-09T10:25:51","date_gmt":"2023-06-09T10:25:51","guid":{"rendered":"https:\/\/escarre.com\/tejiduria\/"},"modified":"2023-07-21T12:33:19","modified_gmt":"2023-07-21T12:33:19","slug":"tecelagem","status":"publish","type":"page","link":"https:\/\/escarre.com\/pt-pt\/tecelagem\/","title":{"rendered":"Tecelagem"},"content":{"rendered":"\n<p class=\"title-1\">Solu\u00e7\u00f5es em automa\u00e7\u00f5es industriais para tecelagem t\u00eaxtil<\/p>\n<p>O controle da tecelagem j\u00e1 \u00e9 uma realidade. A poderosa combina\u00e7\u00e3o entre TexDrive, InfoTint e nossos equipamentos Atlantis PCT-300 Stand Alone permite o controle total da produ\u00e7\u00e3o do in\u00edcio ao fim, independentemente do tipo de tecido.<\/p>\n","protected":false},"excerpt":{"rendered":"<p>Solu\u00e7\u00f5es em automa\u00e7\u00f5es industriais para tecelagem t\u00eaxtil O controle da tecelagem j\u00e1 \u00e9 uma realidade. A poderosa combina\u00e7\u00e3o entre TexDrive, InfoTint e nossos equipamentos Atlantis PCT-300 Stand Alone permite o &hellip;<\/p>\n","protected":false},"author":1,"featured_media":1286,"parent":0,"menu_order":0,"comment_status":"closed","ping_status":"closed","template":"page-templates\/page-with-header.php","meta":{"_acf_changed":false,"footnotes":""},"color":[],"class_list":["post-3279","page","type-page","status-publish","has-post-thumbnail","hentry"],"acf":[],"yoast_head":"<!-- This site is optimized with the Yoast SEO plugin v26.7 - https:\/\/yoast.com\/wordpress\/plugins\/seo\/ -->\n<title>EAS - Automa\u00e7\u00e3o de processos de tecelagem t\u00eaxtil<\/title>\n<meta name=\"description\" content=\"EAS, solu\u00e7\u00f5es em automa\u00e7\u00f5es industriais para tecelagem t\u00eaxtil. Entre no caminho da transforma\u00e7\u00e3o digital do seu neg\u00f3cio. Saiba como!\" \/>\n<meta name=\"robots\" content=\"index, follow, max-snippet:-1, max-image-preview:large, max-video-preview:-1\" \/>\n<link rel=\"canonical\" href=\"https:\/\/escarre.com\/pt-pt\/tecelagem\/\" \/>\n<meta property=\"og:locale\" content=\"pt_PT\" \/>\n<meta property=\"og:type\" content=\"article\" \/>\n<meta property=\"og:title\" content=\"EAS - Automa\u00e7\u00e3o de processos de tecelagem t\u00eaxtil\" \/>\n<meta property=\"og:description\" content=\"EAS, solu\u00e7\u00f5es em automa\u00e7\u00f5es industriais para tecelagem t\u00eaxtil. Entre no caminho da transforma\u00e7\u00e3o digital do seu neg\u00f3cio. Saiba como!\" \/>\n<meta property=\"og:url\" content=\"https:\/\/escarre.com\/pt-pt\/tecelagem\/\" \/>\n<meta property=\"og:site_name\" content=\"Escarre\" \/>\n<meta property=\"article:modified_time\" content=\"2023-07-21T12:33:19+00:00\" \/>\n<meta property=\"og:image\" content=\"https:\/\/escarre.com\/wp-content\/uploads\/TEJEDURIA.png\" \/>\n\t<meta property=\"og:image:width\" content=\"960\" \/>\n\t<meta property=\"og:image:height\" content=\"650\" \/>\n\t<meta property=\"og:image:type\" content=\"image\/png\" \/>\n<meta name=\"twitter:card\" content=\"summary_large_image\" \/>\n<meta name=\"twitter:label1\" content=\"Tempo estimado de leitura\" \/>\n\t<meta name=\"twitter:data1\" content=\"1 minuto\" \/>\n<script type=\"application\/ld+json\" class=\"yoast-schema-graph\">{\"@context\":\"https:\/\/schema.org\",\"@graph\":[{\"@type\":\"WebPage\",\"@id\":\"https:\/\/escarre.com\/pt-pt\/tecelagem\/\",\"url\":\"https:\/\/escarre.com\/pt-pt\/tecelagem\/\",\"name\":\"EAS - Automa\u00e7\u00e3o de processos de tecelagem t\u00eaxtil\",\"isPartOf\":{\"@id\":\"https:\/\/escarre.com\/pt-pt\/#website\"},\"primaryImageOfPage\":{\"@id\":\"https:\/\/escarre.com\/pt-pt\/tecelagem\/#primaryimage\"},\"image\":{\"@id\":\"https:\/\/escarre.com\/pt-pt\/tecelagem\/#primaryimage\"},\"thumbnailUrl\":\"https:\/\/escarre.com\/wp-content\/uploads\/TEJEDURIA.png\",\"datePublished\":\"2023-06-09T10:25:51+00:00\",\"dateModified\":\"2023-07-21T12:33:19+00:00\",\"description\":\"EAS, solu\u00e7\u00f5es em automa\u00e7\u00f5es industriais para tecelagem t\u00eaxtil. Entre no caminho da transforma\u00e7\u00e3o digital do seu neg\u00f3cio. Saiba como!\",\"breadcrumb\":{\"@id\":\"https:\/\/escarre.com\/pt-pt\/tecelagem\/#breadcrumb\"},\"inLanguage\":\"pt-PT\",\"potentialAction\":[{\"@type\":\"ReadAction\",\"target\":[\"https:\/\/escarre.com\/pt-pt\/tecelagem\/\"]}]},{\"@type\":\"ImageObject\",\"inLanguage\":\"pt-PT\",\"@id\":\"https:\/\/escarre.com\/pt-pt\/tecelagem\/#primaryimage\",\"url\":\"https:\/\/escarre.com\/wp-content\/uploads\/TEJEDURIA.png\",\"contentUrl\":\"https:\/\/escarre.com\/wp-content\/uploads\/TEJEDURIA.png\",\"width\":960,\"height\":650},{\"@type\":\"BreadcrumbList\",\"@id\":\"https:\/\/escarre.com\/pt-pt\/tecelagem\/#breadcrumb\",\"itemListElement\":[{\"@type\":\"ListItem\",\"position\":1,\"name\":\"Portada\",\"item\":\"https:\/\/escarre.com\/pt-pt\/\"},{\"@type\":\"ListItem\",\"position\":2,\"name\":\"Tecelagem\"}]},{\"@type\":\"WebSite\",\"@id\":\"https:\/\/escarre.com\/pt-pt\/#website\",\"url\":\"https:\/\/escarre.com\/pt-pt\/\",\"name\":\"Escarre\",\"description\":\"\",\"publisher\":{\"@id\":\"https:\/\/escarre.com\/pt-pt\/#organization\"},\"potentialAction\":[{\"@type\":\"SearchAction\",\"target\":{\"@type\":\"EntryPoint\",\"urlTemplate\":\"https:\/\/escarre.com\/pt-pt\/?s={search_term_string}\"},\"query-input\":{\"@type\":\"PropertyValueSpecification\",\"valueRequired\":true,\"valueName\":\"search_term_string\"}}],\"inLanguage\":\"pt-PT\"},{\"@type\":\"Organization\",\"@id\":\"https:\/\/escarre.com\/pt-pt\/#organization\",\"name\":\"Escarre\",\"url\":\"https:\/\/escarre.com\/pt-pt\/\",\"logo\":{\"@type\":\"ImageObject\",\"inLanguage\":\"pt-PT\",\"@id\":\"https:\/\/escarre.com\/pt-pt\/#\/schema\/logo\/image\/\",\"url\":\"https:\/\/escarre.com\/wp-content\/uploads\/logo-eas-1.png\",\"contentUrl\":\"https:\/\/escarre.com\/wp-content\/uploads\/logo-eas-1.png\",\"width\":700,\"height\":125,\"caption\":\"Escarre\"},\"image\":{\"@id\":\"https:\/\/escarre.com\/pt-pt\/#\/schema\/logo\/image\/\"}}]}<\/script>\n<!-- \/ Yoast SEO plugin. -->","yoast_head_json":{"title":"EAS - Automa\u00e7\u00e3o de processos de tecelagem t\u00eaxtil","description":"EAS, solu\u00e7\u00f5es em automa\u00e7\u00f5es industriais para tecelagem t\u00eaxtil. Entre no caminho da transforma\u00e7\u00e3o digital do seu neg\u00f3cio. Saiba como!","robots":{"index":"index","follow":"follow","max-snippet":"max-snippet:-1","max-image-preview":"max-image-preview:large","max-video-preview":"max-video-preview:-1"},"canonical":"https:\/\/escarre.com\/pt-pt\/tecelagem\/","og_locale":"pt_PT","og_type":"article","og_title":"EAS - Automa\u00e7\u00e3o de processos de tecelagem t\u00eaxtil","og_description":"EAS, solu\u00e7\u00f5es em automa\u00e7\u00f5es industriais para tecelagem t\u00eaxtil. Entre no caminho da transforma\u00e7\u00e3o digital do seu neg\u00f3cio. Saiba como!","og_url":"https:\/\/escarre.com\/pt-pt\/tecelagem\/","og_site_name":"Escarre","article_modified_time":"2023-07-21T12:33:19+00:00","og_image":[{"width":960,"height":650,"url":"https:\/\/escarre.com\/wp-content\/uploads\/TEJEDURIA.png","type":"image\/png"}],"twitter_card":"summary_large_image","twitter_misc":{"Tempo estimado de leitura":"1 minuto"},"schema":{"@context":"https:\/\/schema.org","@graph":[{"@type":"WebPage","@id":"https:\/\/escarre.com\/pt-pt\/tecelagem\/","url":"https:\/\/escarre.com\/pt-pt\/tecelagem\/","name":"EAS - Automa\u00e7\u00e3o de processos de tecelagem t\u00eaxtil","isPartOf":{"@id":"https:\/\/escarre.com\/pt-pt\/#website"},"primaryImageOfPage":{"@id":"https:\/\/escarre.com\/pt-pt\/tecelagem\/#primaryimage"},"image":{"@id":"https:\/\/escarre.com\/pt-pt\/tecelagem\/#primaryimage"},"thumbnailUrl":"https:\/\/escarre.com\/wp-content\/uploads\/TEJEDURIA.png","datePublished":"2023-06-09T10:25:51+00:00","dateModified":"2023-07-21T12:33:19+00:00","description":"EAS, solu\u00e7\u00f5es em automa\u00e7\u00f5es industriais para tecelagem t\u00eaxtil. Entre no caminho da transforma\u00e7\u00e3o digital do seu neg\u00f3cio. Saiba como!","breadcrumb":{"@id":"https:\/\/escarre.com\/pt-pt\/tecelagem\/#breadcrumb"},"inLanguage":"pt-PT","potentialAction":[{"@type":"ReadAction","target":["https:\/\/escarre.com\/pt-pt\/tecelagem\/"]}]},{"@type":"ImageObject","inLanguage":"pt-PT","@id":"https:\/\/escarre.com\/pt-pt\/tecelagem\/#primaryimage","url":"https:\/\/escarre.com\/wp-content\/uploads\/TEJEDURIA.png","contentUrl":"https:\/\/escarre.com\/wp-content\/uploads\/TEJEDURIA.png","width":960,"height":650},{"@type":"BreadcrumbList","@id":"https:\/\/escarre.com\/pt-pt\/tecelagem\/#breadcrumb","itemListElement":[{"@type":"ListItem","position":1,"name":"Portada","item":"https:\/\/escarre.com\/pt-pt\/"},{"@type":"ListItem","position":2,"name":"Tecelagem"}]},{"@type":"WebSite","@id":"https:\/\/escarre.com\/pt-pt\/#website","url":"https:\/\/escarre.com\/pt-pt\/","name":"Escarre","description":"","publisher":{"@id":"https:\/\/escarre.com\/pt-pt\/#organization"},"potentialAction":[{"@type":"SearchAction","target":{"@type":"EntryPoint","urlTemplate":"https:\/\/escarre.com\/pt-pt\/?s={search_term_string}"},"query-input":{"@type":"PropertyValueSpecification","valueRequired":true,"valueName":"search_term_string"}}],"inLanguage":"pt-PT"},{"@type":"Organization","@id":"https:\/\/escarre.com\/pt-pt\/#organization","name":"Escarre","url":"https:\/\/escarre.com\/pt-pt\/","logo":{"@type":"ImageObject","inLanguage":"pt-PT","@id":"https:\/\/escarre.com\/pt-pt\/#\/schema\/logo\/image\/","url":"https:\/\/escarre.com\/wp-content\/uploads\/logo-eas-1.png","contentUrl":"https:\/\/escarre.com\/wp-content\/uploads\/logo-eas-1.png","width":700,"height":125,"caption":"Escarre"},"image":{"@id":"https:\/\/escarre.com\/pt-pt\/#\/schema\/logo\/image\/"}}]}},"_links":{"self":[{"href":"https:\/\/escarre.com\/pt-pt\/wp-json\/wp\/v2\/pages\/3279","targetHints":{"allow":["GET"]}}],"collection":[{"href":"https:\/\/escarre.com\/pt-pt\/wp-json\/wp\/v2\/pages"}],"about":[{"href":"https:\/\/escarre.com\/pt-pt\/wp-json\/wp\/v2\/types\/page"}],"author":[{"embeddable":true,"href":"https:\/\/escarre.com\/pt-pt\/wp-json\/wp\/v2\/users\/1"}],"replies":[{"embeddable":true,"href":"https:\/\/escarre.com\/pt-pt\/wp-json\/wp\/v2\/comments?post=3279"}],"version-history":[{"count":5,"href":"https:\/\/escarre.com\/pt-pt\/wp-json\/wp\/v2\/pages\/3279\/revisions"}],"predecessor-version":[{"id":4619,"href":"https:\/\/escarre.com\/pt-pt\/wp-json\/wp\/v2\/pages\/3279\/revisions\/4619"}],"wp:featuredmedia":[{"embeddable":true,"href":"https:\/\/escarre.com\/pt-pt\/wp-json\/wp\/v2\/media\/1286"}],"wp:attachment":[{"href":"https:\/\/escarre.com\/pt-pt\/wp-json\/wp\/v2\/media?parent=3279"}],"wp:term":[{"taxonomy":"color","embeddable":true,"href":"https:\/\/escarre.com\/pt-pt\/wp-json\/wp\/v2\/color?post=3279"}],"curies":[{"name":"wp","href":"https:\/\/api.w.org\/{rel}","templated":true}]}}