{"id":7518,"date":"2025-07-22T07:07:43","date_gmt":"2025-07-22T07:07:43","guid":{"rendered":"https:\/\/escarre.com\/?page_id=7518"},"modified":"2025-07-22T07:25:59","modified_gmt":"2025-07-22T07:25:59","slug":"politica-de-cookies-2","status":"publish","type":"page","link":"https:\/\/escarre.com\/pt-pt\/politica-de-cookies\/","title":{"rendered":"Pol\u00edtica de Cookies"},"content":{"rendered":"\n<h3 class=\"wp-block-heading\">Sobre esta Pol\u00edtica de Cookies.<\/h3>\n\n\n\n<p>Esta Pol\u00edtica de Cookies explica o que s\u00e3o cookies e como os utilizamos. Voc\u00ea deve ler esta pol\u00edtica para entender o que s\u00e3o cookies, como os usamos, os tipos de cookies que utilizamos \u2014 ou seja, as informa\u00e7\u00f5es que coletamos por meio de cookies e como essas informa\u00e7\u00f5es s\u00e3o usadas \u2014 e como controlar suas prefer\u00eancias de cookies. Para mais informa\u00e7\u00f5es sobre como usamos, armazenamos e protegemos seus dados pessoais, consulte nossa Pol\u00edtica de Privacidade.<br>Voc\u00ea pode, a qualquer momento, alterar ou retirar seu consentimento na Declara\u00e7\u00e3o de Cookies em nosso site.<br>Saiba mais sobre quem somos, como nos contatar e como tratamos os dados pessoais em nossa Pol\u00edtica de Privacidade.<br>Seu consentimento se aplica aos seguintes dom\u00ednios: <a class=\"\" href=\"http:\/\/escarre.com\">escarre.com<\/a><br><div class=\"wt-cli-element cli_user_consent_state\"><\/div><\/p>\n\n\n\n<h3 class=\"wp-block-heading\">O que s\u00e3o cookies?<\/h3>\n\n\n\n<p>Cookies s\u00e3o pequenos arquivos de texto usados para armazenar pequenas quantidades de informa\u00e7\u00e3o. Os cookies s\u00e3o salvos em seu dispositivo quando o site \u00e9 carregado no seu navegador. Esses cookies nos ajudam a fazer o site funcionar corretamente, tornam o site mais seguro, proporcionam uma melhor experi\u00eancia ao usu\u00e1rio, al\u00e9m de nos permitir entender o desempenho do site e analisar o que funciona e onde \u00e9 necess\u00e1rio melhorar.<\/p>\n\n\n\n<h3 class=\"wp-block-heading\">Como usamos os cookies?<\/h3>\n\n\n\n<p>Como a maioria dos servi\u00e7os online, nosso site utiliza cookies pr\u00f3prios e de terceiros para diversos fins. Os cookies pr\u00f3prios s\u00e3o, na maioria das vezes, necess\u00e1rios para o funcionamento correto do site e n\u00e3o coletam nenhum dado pessoal que possa identific\u00e1-lo.<br>Os cookies de terceiros utilizados em nosso site servem principalmente para entender o desempenho do site, como voc\u00ea interage com ele, manter nossos servi\u00e7os seguros, fornecer an\u00fancios relevantes para voc\u00ea e, em geral, oferecer uma experi\u00eancia de usu\u00e1rio melhorada, al\u00e9m de acelerar suas futuras intera\u00e7\u00f5es com nosso site.<\/p>\n\n\n\n<h3 class=\"wp-block-heading\">Que tipos de cookies usamos?<\/h3>\n\n\n\n<p>Os cookies utilizados em nosso site est\u00e3o agrupados nas seguintes categorias:<br><div class=\"wt-cli-element cli_cookie_category_single\"><div class=\"cli_cookie_category_single\"><h5 class=\"cli_cookie_category_single_hd\">necess\u00e1rio<\/h5><div class=\"cli_cookie_category_single_description\"><p>Os cookies necess\u00e1rios s\u00e3o absolutamente essenciais para que o site funcione corretamente. Esta categoria inclui apenas cookies que garantem funcionalidades b\u00e1sicas e recursos de seguran\u00e7a do site. Esses cookies n\u00e3o armazenam nenhuma informa\u00e7\u00e3o pessoal.<\/p><\/div><\/div><div class=\"cli_cookie_category_single\"><h5 class=\"cli_cookie_category_single_hd\">N\u00e3o Necess\u00e1rio<\/h5><div class=\"cli_cookie_category_single_description\"><p>Quaisquer cookies que possam n\u00e3o ser particularmente necess\u00e1rios para o funcionamento do site e sejam usados especificamente para coletar dados pessoais do usu\u00e1rio por meio de an\u00e1lises, an\u00fancios e outros conte\u00fados incorporados s\u00e3o denominados cookies n\u00e3o necess\u00e1rios. \u00c9 obrigat\u00f3rio obter o consentimento do usu\u00e1rio antes de executar esses cookies em seu site.<\/p><\/div><\/div><div class=\"cli_cookie_category_single\"><h5 class=\"cli_cookie_category_single_hd\">An\u00fancio<\/h5><div class=\"cli_cookie_category_single_description\"><p>Os cookies de publicidade s\u00e3o usados para fornecer aos visitantes an\u00fancios relevantes e campanhas de marketing. Esses cookies rastreiam visitantes em sites e coletam informa\u00e7\u00f5es para fornecer an\u00fancios personalizados.\r\n<\/p><\/div><\/div><div class=\"cli_cookie_category_single\"><h5 class=\"cli_cookie_category_single_hd\">an\u00e1lise<\/h5><div class=\"cli_cookie_category_single_description\"><p>Cookies anal\u00edticos s\u00e3o usados para entender como os visitantes interagem com o site. Esses cookies ajudam a fornecer informa\u00e7\u00f5es sobre m\u00e9tricas como n\u00famero de visitantes, taxa de rejei\u00e7\u00e3o, fonte de tr\u00e1fego etc.\r\n<\/p><\/div><\/div><div class=\"cli_cookie_category_single\"><h5 class=\"cli_cookie_category_single_hd\">Funcional<\/h5><div class=\"cli_cookie_category_single_description\"><p>Os cookies funcionais ajudam a executar determinadas funcionalidades, como compartilhar o conte\u00fado do site em plataformas de m\u00eddia social, coletar feedbacks e outros recursos de terceiros.\r\n<\/p><\/div><\/div><div class=\"cli_cookie_category_single\"><h5 class=\"cli_cookie_category_single_hd\">Outras<\/h5><div class=\"cli_cookie_category_single_description\"><p>Outros cookies n\u00e3o categorizados s\u00e3o aqueles que est\u00e3o sendo analisados e ainda n\u00e3o foram classificados em uma categoria.\r\n<\/p><\/div><\/div><\/div><br>A lista abaixo detalha os cookies utilizados em nosso site:<\/p>\n\n\n<table class=\"wt-cli-element cookielawinfo-classic cookielawinfo-row-cat-table\"><thead><tr><th scope=\"col\" class=\"cookielawinfo-column-1\">Cookie<\/th><th scope=\"col\" class=\"cookielawinfo-column-4\">Descri\u00e7\u00e3o<\/th><\/thead><tbody><tr class=\"cookielawinfo-row-cat-title\"><th colspan=\"2\" class=\"cookielawinfo-row-cat-title-head\">necess\u00e1rio<\/th><\/tr><tr class=\"cookielawinfo-row\"><td class=\"cookielawinfo-column-1\">cookielawinfo-checkbox-advertisement-es<\/td><td class=\"cookielawinfo-column-4\">CookieYes define este cookie para armazenar o consentimento do usu\u00e1rio para os cookies na categoria \"Publicidade\".<\/td><\/tr><tr class=\"cookielawinfo-row\"><td class=\"cookielawinfo-column-1\">cookielawinfo-checkbox-analytics-es<\/td><td class=\"cookielawinfo-column-4\">CookieYes define este cookie para armazenar o consentimento do usu\u00e1rio para os cookies na categoria Analytics.<\/td><\/tr><tr class=\"cookielawinfo-row\"><td class=\"cookielawinfo-column-1\">cookielawinfo-checkbox-functional-es<\/td><td class=\"cookielawinfo-column-4\">CookieYes define este cookie para registrar o consentimento do usu\u00e1rio para os cookies na categoria \"Funcional\".<\/td><\/tr><tr class=\"cookielawinfo-row\"><td class=\"cookielawinfo-column-1\">_GRECAPTCHA<\/td><td class=\"cookielawinfo-column-4\">O servi\u00e7o Google Recaptcha define esse cookie para identificar bots para proteger o site contra ataques de spam maliciosos.<\/td><\/tr><tr class=\"cookielawinfo-row\"><td class=\"cookielawinfo-column-1\">CookieLawInfoConsent<\/td><td class=\"cookielawinfo-column-4\">CookieYes define esse cookie para registrar o estado do bot\u00e3o padr\u00e3o da categoria correspondente e o estado da CCPA. Funciona apenas em coordena\u00e7\u00e3o com o cookie principal.<\/td><\/tr><tr class=\"cookielawinfo-row\"><td class=\"cookielawinfo-column-1\">cookielawinfo-checkbox-non-necessary<\/td><td class=\"cookielawinfo-column-4\">Este cookie \u00e9 definido pelo plugin GDPR Cookie Consent. Os cookies s\u00e3o usados para armazenar o consentimento do usu\u00e1rio para os cookies na categoria \"N\u00e3o Necess\u00e1rio\".<\/td><\/tr><tr class=\"cookielawinfo-row\"><td class=\"cookielawinfo-column-1\">cookielawinfo-checkbox-necessary<\/td><td class=\"cookielawinfo-column-4\">Este cookie \u00e9 definido pelo plugin GDPR Cookie Consent. Os cookies s\u00e3o usados para armazenar o consentimento do usu\u00e1rio para os cookies na categoria \"Necess\u00e1rio\".<\/td><\/tr><tr class=\"cookielawinfo-row\"><td class=\"cookielawinfo-column-1\">viewed_cookie_policy<\/td><td class=\"cookielawinfo-column-4\">O cookie \u00e9 definido pelo plug-in GDPR Cookie Consent e \u00e9 usado para armazenar se o usu\u00e1rio consentiu ou n\u00e3o com o uso de cookies. N\u00e3o armazena nenhum dado pessoal.<\/td><\/tr><tr class=\"cookielawinfo-row-cat-title\"><th colspan=\"2\" class=\"cookielawinfo-row-cat-title-head\">N\u00e3o Necess\u00e1rio<\/th><\/tr><tr class=\"cookielawinfo-row\"><td class=\"cookielawinfo-column-1\">test_cookie<\/td><td class=\"cookielawinfo-column-4\"><\/td><\/tr><tr class=\"cookielawinfo-row-cat-title\"><th colspan=\"2\" class=\"cookielawinfo-row-cat-title-head\">An\u00fancio<\/th><\/tr><tr class=\"cookielawinfo-row\"><td class=\"cookielawinfo-column-1\">yt.innertube::nextId<\/td><td class=\"cookielawinfo-column-4\">O YouTube define esse cookie para registrar um ID exclusivo para armazenar dados sobre os v\u00eddeos do YouTube que o usu\u00e1rio viu.<\/td><\/tr><tr class=\"cookielawinfo-row\"><td class=\"cookielawinfo-column-1\">yt.innertube::requests<\/td><td class=\"cookielawinfo-column-4\">O YouTube define esse cookie para registrar um ID exclusivo para armazenar dados sobre os v\u00eddeos do YouTube que o usu\u00e1rio viu.<\/td><\/tr><tr class=\"cookielawinfo-row-cat-title\"><th colspan=\"2\" class=\"cookielawinfo-row-cat-title-head\">an\u00e1lise<\/th><\/tr><tr class=\"cookielawinfo-row\"><td class=\"cookielawinfo-column-1\">_gat_UA-*<\/td><td class=\"cookielawinfo-column-4\">O plug-in multil\u00edngue do WordPress define esse cookie para armazenar as configura\u00e7\u00f5es de idioma\/idioma atuais.<\/td><\/tr><tr class=\"cookielawinfo-row\"><td class=\"cookielawinfo-column-1\">_gid<\/td><td class=\"cookielawinfo-column-4\">O Google Analytics define esse cookie para armazenar informa\u00e7\u00f5es sobre como os visitantes usam um site, al\u00e9m de criar um relat\u00f3rio de an\u00e1lise do desempenho do site. Alguns dos dados coletados incluem o n\u00famero de visitantes, sua fonte e as p\u00e1ginas que visitam anonimamente.<\/td><\/tr><tr class=\"cookielawinfo-row\"><td class=\"cookielawinfo-column-1\">_ga<\/td><td class=\"cookielawinfo-column-4\">O Google Analytics define esse cookie para calcular dados de visitantes, sess\u00f5es e campanhas e rastrear o uso do site para o relat\u00f3rio anal\u00edtico do site. O cookie armazena informa\u00e7\u00f5es anonimamente e atribui um n\u00famero gerado aleatoriamente para reconhecer visitantes \u00fanicos.<\/td><\/tr><tr class=\"cookielawinfo-row-cat-title\"><th colspan=\"2\" class=\"cookielawinfo-row-cat-title-head\">Funcional<\/th><\/tr><tr class=\"cookielawinfo-row\"><td class=\"cookielawinfo-column-1\">wp-wpml_current_language<\/td><td class=\"cookielawinfo-column-4\">WordPress multilingual plugin sets this cookie to store the current language\/language settings.<\/td><\/tr><tr class=\"cookielawinfo-row-cat-title\"><th colspan=\"2\" class=\"cookielawinfo-row-cat-title-head\">Outras<\/th><\/tr><tr class=\"cookielawinfo-row\"><td class=\"cookielawinfo-column-1\">cookielawinfo-checkbox-non-necessary-es<\/td><td class=\"cookielawinfo-column-4\">A descri\u00e7\u00e3o n\u00e3o est\u00e1 dispon\u00edvel no momento.<\/td><\/tr><tr class=\"cookielawinfo-row\"><td class=\"cookielawinfo-column-1\">cookielawinfo-checkbox-necessary-es<\/td><td class=\"cookielawinfo-column-4\">A descri\u00e7\u00e3o n\u00e3o est\u00e1 dispon\u00edvel no momento.<\/td><\/tr><\/tbody><\/table>\n\n\n\n<h3 class=\"wp-block-heading\">Como posso controlar minhas prefer\u00eancias de cookies?<\/h3>\n\n\n\n<p>Voc\u00ea pode gerenciar suas prefer\u00eancias de cookies clicando no bot\u00e3o \u201cSettings\u201d e ativando ou desativando as categorias de cookies na janela pop\u2011up de acordo com suas prefer\u00eancias.<br>Caso decida alterar suas prefer\u00eancias durante sua sess\u00e3o de navega\u00e7\u00e3o, voc\u00ea pode clicar na aba \u201cManage consent\u201d que aparecer\u00e1 na tela. Isso exibir\u00e1 novamente o aviso de consentimento, permitindo que voc\u00ea modifique suas op\u00e7\u00f5es ou retire completamente seu consentimento.<br>Al\u00e9m disso, diferentes navegadores oferecem m\u00e9todos distintos para bloquear e excluir cookies usados por sites. Voc\u00ea pode alterar as configura\u00e7\u00f5es do seu navegador para bloquear\/excluir cookies. Para saber mais sobre como gerenciar e excluir cookies, visite\u202fwikipedia.org\u202fe\u202f<a class=\"\" href=\"http:\/\/www.allaboutcookies.org\">www.allaboutcookies.org<\/a>.<\/p>\n\n\n<p class=\"wt-cli-element\" style=\"color:#333; clear:both; font-style:italic; font-size:12px; margin-top:15px;\">Powered By <a href=\"https:\/\/www.webtoffee.com\/\" style=\"color:#333; font-weight:600; font-size:12px;\">WebToffee<\/a><\/p>\n","protected":false},"excerpt":{"rendered":"<p>Sobre esta Pol\u00edtica de Cookies. Esta Pol\u00edtica de Cookies explica o que s\u00e3o cookies e como os utilizamos. Voc\u00ea deve ler esta pol\u00edtica para entender o que s\u00e3o cookies, como &hellip;<\/p>\n","protected":false},"author":1,"featured_media":0,"parent":0,"menu_order":0,"comment_status":"closed","ping_status":"closed","template":"","meta":{"_acf_changed":false,"footnotes":""},"color":[],"class_list":["post-7518","page","type-page","status-publish","hentry"],"acf":[],"yoast_head":"<!-- This site is optimized with the Yoast SEO plugin v26.7 - https:\/\/yoast.com\/wordpress\/plugins\/seo\/ -->\n<title>Pol\u00edtica de Cookies - Escarre<\/title>\n<meta name=\"description\" content=\"Sobre esta Pol\u00edtica de Cookies. Esta Pol\u00edtica de Cookies explica o que s\u00e3o cookies e como os utilizamos. Voc\u00ea deve ler esta pol\u00edtica para entender o que\" \/>\n<meta name=\"robots\" content=\"index, follow, max-snippet:-1, max-image-preview:large, max-video-preview:-1\" \/>\n<link rel=\"canonical\" href=\"https:\/\/escarre.com\/pt-pt\/politica-de-cookies\/\" \/>\n<meta property=\"og:locale\" content=\"pt_PT\" \/>\n<meta property=\"og:type\" content=\"article\" \/>\n<meta property=\"og:title\" content=\"Pol\u00edtica de Cookies - Escarre\" \/>\n<meta property=\"og:description\" content=\"Sobre esta Pol\u00edtica de Cookies. Esta Pol\u00edtica de Cookies explica o que s\u00e3o cookies e como os utilizamos. Voc\u00ea deve ler esta pol\u00edtica para entender o que\" \/>\n<meta property=\"og:url\" content=\"https:\/\/escarre.com\/pt-pt\/politica-de-cookies\/\" \/>\n<meta property=\"og:site_name\" content=\"Escarre\" \/>\n<meta property=\"article:modified_time\" content=\"2025-07-22T07:25:59+00:00\" \/>\n<meta name=\"twitter:card\" content=\"summary_large_image\" \/>\n<meta name=\"twitter:label1\" content=\"Tempo estimado de leitura\" \/>\n\t<meta name=\"twitter:data1\" content=\"3 minutos\" \/>\n<script type=\"application\/ld+json\" class=\"yoast-schema-graph\">{\"@context\":\"https:\/\/schema.org\",\"@graph\":[{\"@type\":\"WebPage\",\"@id\":\"https:\/\/escarre.com\/pt-pt\/politica-de-cookies\/\",\"url\":\"https:\/\/escarre.com\/pt-pt\/politica-de-cookies\/\",\"name\":\"Pol\u00edtica de Cookies - Escarre\",\"isPartOf\":{\"@id\":\"https:\/\/escarre.com\/pt-pt\/#website\"},\"datePublished\":\"2025-07-22T07:07:43+00:00\",\"dateModified\":\"2025-07-22T07:25:59+00:00\",\"description\":\"Sobre esta Pol\u00edtica de Cookies. Esta Pol\u00edtica de Cookies explica o que s\u00e3o cookies e como os utilizamos. Voc\u00ea deve ler esta pol\u00edtica para entender o que\",\"breadcrumb\":{\"@id\":\"https:\/\/escarre.com\/pt-pt\/politica-de-cookies\/#breadcrumb\"},\"inLanguage\":\"pt-PT\",\"potentialAction\":[{\"@type\":\"ReadAction\",\"target\":[\"https:\/\/escarre.com\/pt-pt\/politica-de-cookies\/\"]}]},{\"@type\":\"BreadcrumbList\",\"@id\":\"https:\/\/escarre.com\/pt-pt\/politica-de-cookies\/#breadcrumb\",\"itemListElement\":[{\"@type\":\"ListItem\",\"position\":1,\"name\":\"Portada\",\"item\":\"https:\/\/escarre.com\/pt-pt\/\"},{\"@type\":\"ListItem\",\"position\":2,\"name\":\"Pol\u00edtica de Cookies\"}]},{\"@type\":\"WebSite\",\"@id\":\"https:\/\/escarre.com\/pt-pt\/#website\",\"url\":\"https:\/\/escarre.com\/pt-pt\/\",\"name\":\"Escarre\",\"description\":\"\",\"publisher\":{\"@id\":\"https:\/\/escarre.com\/pt-pt\/#organization\"},\"potentialAction\":[{\"@type\":\"SearchAction\",\"target\":{\"@type\":\"EntryPoint\",\"urlTemplate\":\"https:\/\/escarre.com\/pt-pt\/?s={search_term_string}\"},\"query-input\":{\"@type\":\"PropertyValueSpecification\",\"valueRequired\":true,\"valueName\":\"search_term_string\"}}],\"inLanguage\":\"pt-PT\"},{\"@type\":\"Organization\",\"@id\":\"https:\/\/escarre.com\/pt-pt\/#organization\",\"name\":\"Escarre\",\"url\":\"https:\/\/escarre.com\/pt-pt\/\",\"logo\":{\"@type\":\"ImageObject\",\"inLanguage\":\"pt-PT\",\"@id\":\"https:\/\/escarre.com\/pt-pt\/#\/schema\/logo\/image\/\",\"url\":\"https:\/\/escarre.com\/wp-content\/uploads\/logo-eas-1.png\",\"contentUrl\":\"https:\/\/escarre.com\/wp-content\/uploads\/logo-eas-1.png\",\"width\":700,\"height\":125,\"caption\":\"Escarre\"},\"image\":{\"@id\":\"https:\/\/escarre.com\/pt-pt\/#\/schema\/logo\/image\/\"}}]}<\/script>\n<!-- \/ Yoast SEO plugin. -->","yoast_head_json":{"title":"Pol\u00edtica de Cookies - Escarre","description":"Sobre esta Pol\u00edtica de Cookies. Esta Pol\u00edtica de Cookies explica o que s\u00e3o cookies e como os utilizamos. Voc\u00ea deve ler esta pol\u00edtica para entender o que","robots":{"index":"index","follow":"follow","max-snippet":"max-snippet:-1","max-image-preview":"max-image-preview:large","max-video-preview":"max-video-preview:-1"},"canonical":"https:\/\/escarre.com\/pt-pt\/politica-de-cookies\/","og_locale":"pt_PT","og_type":"article","og_title":"Pol\u00edtica de Cookies - Escarre","og_description":"Sobre esta Pol\u00edtica de Cookies. Esta Pol\u00edtica de Cookies explica o que s\u00e3o cookies e como os utilizamos. Voc\u00ea deve ler esta pol\u00edtica para entender o que","og_url":"https:\/\/escarre.com\/pt-pt\/politica-de-cookies\/","og_site_name":"Escarre","article_modified_time":"2025-07-22T07:25:59+00:00","twitter_card":"summary_large_image","twitter_misc":{"Tempo estimado de leitura":"3 minutos"},"schema":{"@context":"https:\/\/schema.org","@graph":[{"@type":"WebPage","@id":"https:\/\/escarre.com\/pt-pt\/politica-de-cookies\/","url":"https:\/\/escarre.com\/pt-pt\/politica-de-cookies\/","name":"Pol\u00edtica de Cookies - Escarre","isPartOf":{"@id":"https:\/\/escarre.com\/pt-pt\/#website"},"datePublished":"2025-07-22T07:07:43+00:00","dateModified":"2025-07-22T07:25:59+00:00","description":"Sobre esta Pol\u00edtica de Cookies. Esta Pol\u00edtica de Cookies explica o que s\u00e3o cookies e como os utilizamos. Voc\u00ea deve ler esta pol\u00edtica para entender o que","breadcrumb":{"@id":"https:\/\/escarre.com\/pt-pt\/politica-de-cookies\/#breadcrumb"},"inLanguage":"pt-PT","potentialAction":[{"@type":"ReadAction","target":["https:\/\/escarre.com\/pt-pt\/politica-de-cookies\/"]}]},{"@type":"BreadcrumbList","@id":"https:\/\/escarre.com\/pt-pt\/politica-de-cookies\/#breadcrumb","itemListElement":[{"@type":"ListItem","position":1,"name":"Portada","item":"https:\/\/escarre.com\/pt-pt\/"},{"@type":"ListItem","position":2,"name":"Pol\u00edtica de Cookies"}]},{"@type":"WebSite","@id":"https:\/\/escarre.com\/pt-pt\/#website","url":"https:\/\/escarre.com\/pt-pt\/","name":"Escarre","description":"","publisher":{"@id":"https:\/\/escarre.com\/pt-pt\/#organization"},"potentialAction":[{"@type":"SearchAction","target":{"@type":"EntryPoint","urlTemplate":"https:\/\/escarre.com\/pt-pt\/?s={search_term_string}"},"query-input":{"@type":"PropertyValueSpecification","valueRequired":true,"valueName":"search_term_string"}}],"inLanguage":"pt-PT"},{"@type":"Organization","@id":"https:\/\/escarre.com\/pt-pt\/#organization","name":"Escarre","url":"https:\/\/escarre.com\/pt-pt\/","logo":{"@type":"ImageObject","inLanguage":"pt-PT","@id":"https:\/\/escarre.com\/pt-pt\/#\/schema\/logo\/image\/","url":"https:\/\/escarre.com\/wp-content\/uploads\/logo-eas-1.png","contentUrl":"https:\/\/escarre.com\/wp-content\/uploads\/logo-eas-1.png","width":700,"height":125,"caption":"Escarre"},"image":{"@id":"https:\/\/escarre.com\/pt-pt\/#\/schema\/logo\/image\/"}}]}},"_links":{"self":[{"href":"https:\/\/escarre.com\/pt-pt\/wp-json\/wp\/v2\/pages\/7518","targetHints":{"allow":["GET"]}}],"collection":[{"href":"https:\/\/escarre.com\/pt-pt\/wp-json\/wp\/v2\/pages"}],"about":[{"href":"https:\/\/escarre.com\/pt-pt\/wp-json\/wp\/v2\/types\/page"}],"author":[{"embeddable":true,"href":"https:\/\/escarre.com\/pt-pt\/wp-json\/wp\/v2\/users\/1"}],"replies":[{"embeddable":true,"href":"https:\/\/escarre.com\/pt-pt\/wp-json\/wp\/v2\/comments?post=7518"}],"version-history":[{"count":1,"href":"https:\/\/escarre.com\/pt-pt\/wp-json\/wp\/v2\/pages\/7518\/revisions"}],"predecessor-version":[{"id":7519,"href":"https:\/\/escarre.com\/pt-pt\/wp-json\/wp\/v2\/pages\/7518\/revisions\/7519"}],"wp:attachment":[{"href":"https:\/\/escarre.com\/pt-pt\/wp-json\/wp\/v2\/media?parent=7518"}],"wp:term":[{"taxonomy":"color","embeddable":true,"href":"https:\/\/escarre.com\/pt-pt\/wp-json\/wp\/v2\/color?post=7518"}],"curies":[{"name":"wp","href":"https:\/\/api.w.org\/{rel}","templated":true}]}}